{"id":18,"date":"2024-06-01T11:40:34","date_gmt":"2024-06-01T11:40:34","guid":{"rendered":"https:\/\/bsphamvinhphu.com\/?page_id=18"},"modified":"2025-03-10T16:11:49","modified_gmt":"2025-03-10T16:11:49","slug":"home","status":"publish","type":"page","link":"https:\/\/bsphamvinhphu.com\/en\/","title":{"rendered":"Home"},"content":{"rendered":"<h2 class=\"hestia-title\">Life is kind of like a party<\/h2>\n<h5 class=\"description quotes\">&#8220;Life is kind of like a party. You invite a lot of people, some leave early, some stay all night, some laugh with you, some laugh at you, and some show up really late. But in the end, after the fun, there are a few who stay to help you clean up the mess. And most of the time, they aren&#8217;t even the ones who made the mess. These people are your true friends in life. They are the only ones who matter.&#8221;<\/h5>\n<h5>&#8211; Unknown<\/h5>\n<h2 class=\"hestia-title\">Research and life<\/h2>\n<h5 class=\"description\">Nh\u1eefng b\u00e0i vi\u1ebft v\u1ec1 c\u00e1c nghi\u00ean c\u1ee9u v\u00e0 chia s\u1ebb \u0111\u1eddi s\u1ed1ng g\u1ea7n g\u0169i c\u1ee7a B\u00e1c s\u0129 Ph\u1ea1m V\u0129nh Ph\u00fa<\/h5>\n<p>&nbsp;<\/p>\n<h2 class=\"hestia-title\">Disease information<\/h2>\n<h5 class=\"description\">Free medical information updated weekly<\/h5>","protected":false},"excerpt":{"rendered":"<p>Life is kind of like a party &#8220;Life is kind of like a party. You invite a lot of people, some leave early, some stay all night, some laugh with you, some laugh at you, and some show up really late. But in the end, after the fun, there are [&hellip;]<\/p>","protected":false},"author":1,"featured_media":245,"parent":0,"menu_order":0,"comment_status":"closed","ping_status":"closed","template":"","meta":{"footnotes":""},"class_list":["post-18","page","type-page","status-publish","has-post-thumbnail","hentry"],"yoast_head":"<!-- This site is optimized with the Yoast SEO plugin v23.7 - https:\/\/yoast.com\/wordpress\/plugins\/seo\/ -->\n<title>Trang ch\u1ee7 - B\u00e1c s\u0129 Ph\u1ea1m V\u0129nh Ph\u00fa<\/title>\n<meta name=\"description\" content=\"Trang web m\u00e0 B\u00e1c s\u0129 Ph\u1ea1m V\u0129nh Ph\u00fa chia s\u1ebb th\u00f4ng tin v\u1ec1 nh\u1eefng b\u1ec7nh l\u00fd, c\u0169ng nh\u01b0 nh\u1eefng b\u00e0i vi\u1ebft nghi\u00ean c\u1ee9u, chia s\u1ebb v\u1ec1 cu\u1ed9c s\u1ed1ng \u0111\u1eddi th\u01b0\u1eddng.\" \/>\n<meta name=\"robots\" content=\"index, follow, max-snippet:-1, max-image-preview:large, max-video-preview:-1\" \/>\n<link rel=\"canonical\" href=\"https:\/\/bsphamvinhphu.com\/en\/\" \/>\n<meta property=\"og:locale\" content=\"en_GB\" \/>\n<meta property=\"og:type\" content=\"article\" \/>\n<meta property=\"og:title\" content=\"Trang ch\u1ee7 - B\u00e1c s\u0129 Ph\u1ea1m V\u0129nh Ph\u00fa\" \/>\n<meta property=\"og:description\" content=\"Trang web m\u00e0 B\u00e1c s\u0129 Ph\u1ea1m V\u0129nh Ph\u00fa chia s\u1ebb th\u00f4ng tin v\u1ec1 nh\u1eefng b\u1ec7nh l\u00fd, c\u0169ng nh\u01b0 nh\u1eefng b\u00e0i vi\u1ebft nghi\u00ean c\u1ee9u, chia s\u1ebb v\u1ec1 cu\u1ed9c s\u1ed1ng \u0111\u1eddi th\u01b0\u1eddng.\" \/>\n<meta property=\"og:url\" content=\"https:\/\/bsphamvinhphu.com\/en\/\" \/>\n<meta property=\"og:site_name\" content=\"Bs Ph\u1ea1m V\u0129nh Ph\u00fa\" \/>\n<meta property=\"article:modified_time\" content=\"2025-03-10T16:11:49+00:00\" \/>\n<meta property=\"og:image\" content=\"https:\/\/bsphamvinhphu.com\/wp-content\/uploads\/2024\/06\/z5541634482126_75e0cb68b28423afcf80b3ec547ca05f.jpg\" \/>\n\t<meta property=\"og:image:width\" content=\"960\" \/>\n\t<meta property=\"og:image:height\" content=\"1280\" \/>\n\t<meta property=\"og:image:type\" content=\"image\/jpeg\" \/>\n<meta name=\"twitter:card\" content=\"summary_large_image\" \/>\n<meta name=\"twitter:label1\" content=\"Estimated reading time\" \/>\n\t<meta name=\"twitter:data1\" content=\"1 minute\" \/>\n<script type=\"application\/ld+json\" class=\"yoast-schema-graph\">{\"@context\":\"https:\/\/schema.org\",\"@graph\":[{\"@type\":[\"Article\",\"BlogPosting\"],\"@id\":\"https:\/\/bsphamvinhphu.com\/#article\",\"isPartOf\":{\"@id\":\"https:\/\/bsphamvinhphu.com\/\"},\"author\":{\"name\":\"Ph\u1ea1m V\u0129nh Ph\u00fa\",\"@id\":\"https:\/\/bsphamvinhphu.com\/#\/schema\/person\/7a6425737c6dd1f11deb6dc5c887c147\"},\"headline\":\"Trang ch\u1ee7\",\"datePublished\":\"2024-06-01T11:40:34+00:00\",\"dateModified\":\"2025-03-10T16:11:49+00:00\",\"mainEntityOfPage\":{\"@id\":\"https:\/\/bsphamvinhphu.com\/\"},\"wordCount\":163,\"publisher\":{\"@id\":\"https:\/\/bsphamvinhphu.com\/#\/schema\/person\/7a6425737c6dd1f11deb6dc5c887c147\"},\"image\":{\"@id\":\"https:\/\/bsphamvinhphu.com\/#primaryimage\"},\"thumbnailUrl\":\"https:\/\/bsphamvinhphu.com\/wp-content\/uploads\/2024\/06\/z5541634482126_75e0cb68b28423afcf80b3ec547ca05f.jpg\",\"inLanguage\":\"en-GB\"},{\"@type\":\"WebPage\",\"@id\":\"https:\/\/bsphamvinhphu.com\/\",\"url\":\"https:\/\/bsphamvinhphu.com\/\",\"name\":\"Trang ch\u1ee7 - B\u00e1c s\u0129 Ph\u1ea1m V\u0129nh Ph\u00fa\",\"isPartOf\":{\"@id\":\"https:\/\/bsphamvinhphu.com\/#website\"},\"primaryImageOfPage\":{\"@id\":\"https:\/\/bsphamvinhphu.com\/#primaryimage\"},\"image\":{\"@id\":\"https:\/\/bsphamvinhphu.com\/#primaryimage\"},\"thumbnailUrl\":\"https:\/\/bsphamvinhphu.com\/wp-content\/uploads\/2024\/06\/z5541634482126_75e0cb68b28423afcf80b3ec547ca05f.jpg\",\"datePublished\":\"2024-06-01T11:40:34+00:00\",\"dateModified\":\"2025-03-10T16:11:49+00:00\",\"description\":\"Trang web m\u00e0 B\u00e1c s\u0129 Ph\u1ea1m V\u0129nh Ph\u00fa chia s\u1ebb th\u00f4ng tin v\u1ec1 nh\u1eefng b\u1ec7nh l\u00fd, c\u0169ng nh\u01b0 nh\u1eefng b\u00e0i vi\u1ebft nghi\u00ean c\u1ee9u, chia s\u1ebb v\u1ec1 cu\u1ed9c s\u1ed1ng \u0111\u1eddi th\u01b0\u1eddng.\",\"breadcrumb\":{\"@id\":\"https:\/\/bsphamvinhphu.com\/#breadcrumb\"},\"inLanguage\":\"en-GB\",\"potentialAction\":[{\"@type\":\"ReadAction\",\"target\":[\"https:\/\/bsphamvinhphu.com\/\"]}]},{\"@type\":\"ImageObject\",\"inLanguage\":\"en-GB\",\"@id\":\"https:\/\/bsphamvinhphu.com\/#primaryimage\",\"url\":\"https:\/\/bsphamvinhphu.com\/wp-content\/uploads\/2024\/06\/z5541634482126_75e0cb68b28423afcf80b3ec547ca05f.jpg\",\"contentUrl\":\"https:\/\/bsphamvinhphu.com\/wp-content\/uploads\/2024\/06\/z5541634482126_75e0cb68b28423afcf80b3ec547ca05f.jpg\",\"width\":960,\"height\":1280,\"caption\":\"Ph\u1ea1m V\u0129nh Ph\u00fa\"},{\"@type\":\"BreadcrumbList\",\"@id\":\"https:\/\/bsphamvinhphu.com\/#breadcrumb\",\"itemListElement\":[{\"@type\":\"ListItem\",\"position\":1,\"name\":\"Home\",\"item\":\"https:\/\/bsphamvinhphu.com\/\"},{\"@type\":\"ListItem\",\"position\":2,\"name\":\"Trang ch\u1ee7\"}]},{\"@type\":\"WebSite\",\"@id\":\"https:\/\/bsphamvinhphu.com\/#website\",\"url\":\"https:\/\/bsphamvinhphu.com\/\",\"name\":\"Bs Ph\u1ea1m V\u0129nh Ph\u00fa\",\"description\":\"Bs Ph\u1ea1m V\u0129nh Ph\u00fa\",\"publisher\":{\"@id\":\"https:\/\/bsphamvinhphu.com\/#\/schema\/person\/7a6425737c6dd1f11deb6dc5c887c147\"},\"potentialAction\":[{\"@type\":\"SearchAction\",\"target\":{\"@type\":\"EntryPoint\",\"urlTemplate\":\"https:\/\/bsphamvinhphu.com\/?s={search_term_string}\"},\"query-input\":{\"@type\":\"PropertyValueSpecification\",\"valueRequired\":true,\"valueName\":\"search_term_string\"}}],\"inLanguage\":\"en-GB\"},{\"@type\":[\"Person\",\"Organization\"],\"@id\":\"https:\/\/bsphamvinhphu.com\/#\/schema\/person\/7a6425737c6dd1f11deb6dc5c887c147\",\"name\":\"Ph\u1ea1m V\u0129nh Ph\u00fa\",\"image\":{\"@type\":\"ImageObject\",\"inLanguage\":\"en-GB\",\"@id\":\"https:\/\/bsphamvinhphu.com\/#\/schema\/person\/image\/\",\"url\":\"https:\/\/bsphamvinhphu.com\/wp-content\/uploads\/2024\/06\/IMG_20240618_194143.jpg\",\"contentUrl\":\"https:\/\/bsphamvinhphu.com\/wp-content\/uploads\/2024\/06\/IMG_20240618_194143.jpg\",\"width\":1280,\"height\":1280,\"caption\":\"Ph\u1ea1m V\u0129nh Ph\u00fa\"},\"logo\":{\"@id\":\"https:\/\/bsphamvinhphu.com\/#\/schema\/person\/image\/\"},\"sameAs\":[\"https:\/\/bsphamvinhphu.com\"],\"url\":\"https:\/\/bsphamvinhphu.com\/en\/author\/lightcoral-oryx-549373-hostingersite-com\/\"}]}<\/script>\n<!-- \/ Yoast SEO plugin. -->","yoast_head_json":{"title":"Trang ch\u1ee7 - B\u00e1c s\u0129 Ph\u1ea1m V\u0129nh Ph\u00fa","description":"Trang web m\u00e0 B\u00e1c s\u0129 Ph\u1ea1m V\u0129nh Ph\u00fa chia s\u1ebb th\u00f4ng tin v\u1ec1 nh\u1eefng b\u1ec7nh l\u00fd, c\u0169ng nh\u01b0 nh\u1eefng b\u00e0i vi\u1ebft nghi\u00ean c\u1ee9u, chia s\u1ebb v\u1ec1 cu\u1ed9c s\u1ed1ng \u0111\u1eddi th\u01b0\u1eddng.","robots":{"index":"index","follow":"follow","max-snippet":"max-snippet:-1","max-image-preview":"max-image-preview:large","max-video-preview":"max-video-preview:-1"},"canonical":"https:\/\/bsphamvinhphu.com\/en\/","og_locale":"en_GB","og_type":"article","og_title":"Trang ch\u1ee7 - B\u00e1c s\u0129 Ph\u1ea1m V\u0129nh Ph\u00fa","og_description":"Trang web m\u00e0 B\u00e1c s\u0129 Ph\u1ea1m V\u0129nh Ph\u00fa chia s\u1ebb th\u00f4ng tin v\u1ec1 nh\u1eefng b\u1ec7nh l\u00fd, c\u0169ng nh\u01b0 nh\u1eefng b\u00e0i vi\u1ebft nghi\u00ean c\u1ee9u, chia s\u1ebb v\u1ec1 cu\u1ed9c s\u1ed1ng \u0111\u1eddi th\u01b0\u1eddng.","og_url":"https:\/\/bsphamvinhphu.com\/en\/","og_site_name":"Bs Ph\u1ea1m V\u0129nh Ph\u00fa","article_modified_time":"2025-03-10T16:11:49+00:00","og_image":[{"width":960,"height":1280,"url":"https:\/\/bsphamvinhphu.com\/wp-content\/uploads\/2024\/06\/z5541634482126_75e0cb68b28423afcf80b3ec547ca05f.jpg","type":"image\/jpeg"}],"twitter_card":"summary_large_image","twitter_misc":{"Estimated reading time":"1 minute"},"schema":{"@context":"https:\/\/schema.org","@graph":[{"@type":["Article","BlogPosting"],"@id":"https:\/\/bsphamvinhphu.com\/#article","isPartOf":{"@id":"https:\/\/bsphamvinhphu.com\/"},"author":{"name":"Ph\u1ea1m V\u0129nh Ph\u00fa","@id":"https:\/\/bsphamvinhphu.com\/#\/schema\/person\/7a6425737c6dd1f11deb6dc5c887c147"},"headline":"Trang ch\u1ee7","datePublished":"2024-06-01T11:40:34+00:00","dateModified":"2025-03-10T16:11:49+00:00","mainEntityOfPage":{"@id":"https:\/\/bsphamvinhphu.com\/"},"wordCount":163,"publisher":{"@id":"https:\/\/bsphamvinhphu.com\/#\/schema\/person\/7a6425737c6dd1f11deb6dc5c887c147"},"image":{"@id":"https:\/\/bsphamvinhphu.com\/#primaryimage"},"thumbnailUrl":"https:\/\/bsphamvinhphu.com\/wp-content\/uploads\/2024\/06\/z5541634482126_75e0cb68b28423afcf80b3ec547ca05f.jpg","inLanguage":"en-GB"},{"@type":"WebPage","@id":"https:\/\/bsphamvinhphu.com\/","url":"https:\/\/bsphamvinhphu.com\/","name":"Trang ch\u1ee7 - B\u00e1c s\u0129 Ph\u1ea1m V\u0129nh Ph\u00fa","isPartOf":{"@id":"https:\/\/bsphamvinhphu.com\/#website"},"primaryImageOfPage":{"@id":"https:\/\/bsphamvinhphu.com\/#primaryimage"},"image":{"@id":"https:\/\/bsphamvinhphu.com\/#primaryimage"},"thumbnailUrl":"https:\/\/bsphamvinhphu.com\/wp-content\/uploads\/2024\/06\/z5541634482126_75e0cb68b28423afcf80b3ec547ca05f.jpg","datePublished":"2024-06-01T11:40:34+00:00","dateModified":"2025-03-10T16:11:49+00:00","description":"Trang web m\u00e0 B\u00e1c s\u0129 Ph\u1ea1m V\u0129nh Ph\u00fa chia s\u1ebb th\u00f4ng tin v\u1ec1 nh\u1eefng b\u1ec7nh l\u00fd, c\u0169ng nh\u01b0 nh\u1eefng b\u00e0i vi\u1ebft nghi\u00ean c\u1ee9u, chia s\u1ebb v\u1ec1 cu\u1ed9c s\u1ed1ng \u0111\u1eddi th\u01b0\u1eddng.","breadcrumb":{"@id":"https:\/\/bsphamvinhphu.com\/#breadcrumb"},"inLanguage":"en-GB","potentialAction":[{"@type":"ReadAction","target":["https:\/\/bsphamvinhphu.com\/"]}]},{"@type":"ImageObject","inLanguage":"en-GB","@id":"https:\/\/bsphamvinhphu.com\/#primaryimage","url":"https:\/\/bsphamvinhphu.com\/wp-content\/uploads\/2024\/06\/z5541634482126_75e0cb68b28423afcf80b3ec547ca05f.jpg","contentUrl":"https:\/\/bsphamvinhphu.com\/wp-content\/uploads\/2024\/06\/z5541634482126_75e0cb68b28423afcf80b3ec547ca05f.jpg","width":960,"height":1280,"caption":"Ph\u1ea1m V\u0129nh Ph\u00fa"},{"@type":"BreadcrumbList","@id":"https:\/\/bsphamvinhphu.com\/#breadcrumb","itemListElement":[{"@type":"ListItem","position":1,"name":"Home","item":"https:\/\/bsphamvinhphu.com\/"},{"@type":"ListItem","position":2,"name":"Trang ch\u1ee7"}]},{"@type":"WebSite","@id":"https:\/\/bsphamvinhphu.com\/#website","url":"https:\/\/bsphamvinhphu.com\/","name":"Bs Ph\u1ea1m V\u0129nh Ph\u00fa","description":"Bs Ph\u1ea1m V\u0129nh Ph\u00fa","publisher":{"@id":"https:\/\/bsphamvinhphu.com\/#\/schema\/person\/7a6425737c6dd1f11deb6dc5c887c147"},"potentialAction":[{"@type":"SearchAction","target":{"@type":"EntryPoint","urlTemplate":"https:\/\/bsphamvinhphu.com\/?s={search_term_string}"},"query-input":{"@type":"PropertyValueSpecification","valueRequired":true,"valueName":"search_term_string"}}],"inLanguage":"en-GB"},{"@type":["Person","Organization"],"@id":"https:\/\/bsphamvinhphu.com\/#\/schema\/person\/7a6425737c6dd1f11deb6dc5c887c147","name":"Ph\u1ea1m V\u0129nh Ph\u00fa","image":{"@type":"ImageObject","inLanguage":"en-GB","@id":"https:\/\/bsphamvinhphu.com\/#\/schema\/person\/image\/","url":"https:\/\/bsphamvinhphu.com\/wp-content\/uploads\/2024\/06\/IMG_20240618_194143.jpg","contentUrl":"https:\/\/bsphamvinhphu.com\/wp-content\/uploads\/2024\/06\/IMG_20240618_194143.jpg","width":1280,"height":1280,"caption":"Ph\u1ea1m V\u0129nh Ph\u00fa"},"logo":{"@id":"https:\/\/bsphamvinhphu.com\/#\/schema\/person\/image\/"},"sameAs":["https:\/\/bsphamvinhphu.com"],"url":"https:\/\/bsphamvinhphu.com\/en\/author\/lightcoral-oryx-549373-hostingersite-com\/"}]}},"_links":{"self":[{"href":"https:\/\/bsphamvinhphu.com\/en\/wp-json\/wp\/v2\/pages\/18"}],"collection":[{"href":"https:\/\/bsphamvinhphu.com\/en\/wp-json\/wp\/v2\/pages"}],"about":[{"href":"https:\/\/bsphamvinhphu.com\/en\/wp-json\/wp\/v2\/types\/page"}],"author":[{"embeddable":true,"href":"https:\/\/bsphamvinhphu.com\/en\/wp-json\/wp\/v2\/users\/1"}],"replies":[{"embeddable":true,"href":"https:\/\/bsphamvinhphu.com\/en\/wp-json\/wp\/v2\/comments?post=18"}],"version-history":[{"count":0,"href":"https:\/\/bsphamvinhphu.com\/en\/wp-json\/wp\/v2\/pages\/18\/revisions"}],"wp:featuredmedia":[{"embeddable":true,"href":"https:\/\/bsphamvinhphu.com\/en\/wp-json\/wp\/v2\/media\/245"}],"wp:attachment":[{"href":"https:\/\/bsphamvinhphu.com\/en\/wp-json\/wp\/v2\/media?parent=18"}],"curies":[{"name":"wp","href":"https:\/\/api.w.org\/{rel}","templated":true}]}}