{"id":69,"date":"2024-06-02T05:31:30","date_gmt":"2024-06-02T05:31:30","guid":{"rendered":"https:\/\/bsphamvinhphu.com\/?page_id=69"},"modified":"2024-10-17T12:21:05","modified_gmt":"2024-10-17T12:21:05","slug":"vetoi","status":"publish","type":"page","link":"https:\/\/bsphamvinhphu.com\/en\/vetoi\/","title":{"rendered":"About me"},"content":{"rendered":"<div class=\"about-section\">\r\n<p class=\"about-text\">Born in the middle 9X generation.<\/p>\r\n<p class=\"about-text\">Working at Binh Dan Hospital - Ho Chi Minh City.<\/p>\r\n<p class=\"about-text\">Loves books, Arsenal and ancient coins.\u00a0<\/p>\r\n<p class=\"about-text\">Raised from my mother's soy milk cart. Growing up through stories from my father's driving trips.\u00a0<\/p>\r\n<p class=\"about-text\">Happy to play chess with Vinh.<\/p>\r\n<p class=\"about-text\">Love Ti.<\/p>\r\n<p class=\"about-text\">Hope everyone is healthy.\u00a0<\/p>\r\n<\/div>","protected":false},"excerpt":{"rendered":"<p>Sinh ra trong th\u1ebf h\u1ec7 gi\u1eefa 9X. C\u00f4ng t\u00e1c t\u1ea1i b\u1ec7nh vi\u1ec7n B\u00ecnh D\u00e2n &#8211; Th\u00e0nh ph\u1ed1 H\u1ed3 Ch\u00ed Minh. M\u00ea s\u00e1ch, Arsenal v\u00e0 ti\u1ec1n c\u1ed5.\u00a0 L\u1edbn l\u00ean t\u1eeb xe s\u1eefa \u0111\u1eadu n\u00e0nh c\u1ee7a m\u1eb9. Tr\u01b0\u1edfng th\u00e0nh qua nh\u1eefng c\u00e2u chuy\u1ec7n t\u1eeb c\u00e1c cu\u1ed1c ch\u1ea1y xe c\u1ee7a ba.\u00a0 Vui khi [&hellip;]<\/p>","protected":false},"author":1,"featured_media":245,"parent":0,"menu_order":0,"comment_status":"closed","ping_status":"closed","template":"page-templates\/template-about.php","meta":{"footnotes":""},"class_list":["post-69","page","type-page","status-publish","has-post-thumbnail","hentry"],"yoast_head":"<!-- This site is optimized with the Yoast SEO plugin v23.7 - https:\/\/yoast.com\/wordpress\/plugins\/seo\/ -->\n<title>V\u1ec1 t\u00f4i - Bs V\u0129nh Ph\u00fa<\/title>\n<meta name=\"description\" content=\"Trang web m\u00e0 Bs V\u0129nh Ph\u00fa chia s\u1ebb th\u00f4ng tin v\u1ec1 nh\u1eefng b\u1ec7nh l\u00fd, c\u0169ng nh\u01b0 nh\u1eefng b\u00e0i vi\u1ebft nghi\u00ean c\u1ee9u, chia s\u1ebb v\u1ec1 cu\u1ed9c s\u1ed1ng \u0111\u1eddi th\u01b0\u1eddng.\" \/>\n<meta name=\"robots\" content=\"index, follow, max-snippet:-1, max-image-preview:large, max-video-preview:-1\" \/>\n<link rel=\"canonical\" href=\"https:\/\/bsphamvinhphu.com\/en\/vetoi\/\" \/>\n<meta property=\"og:locale\" content=\"en_GB\" \/>\n<meta property=\"og:type\" content=\"article\" \/>\n<meta property=\"og:title\" content=\"V\u1ec1 t\u00f4i - Bs V\u0129nh Ph\u00fa\" \/>\n<meta property=\"og:description\" content=\"Trang web m\u00e0 Bs V\u0129nh Ph\u00fa chia s\u1ebb th\u00f4ng tin v\u1ec1 nh\u1eefng b\u1ec7nh l\u00fd, c\u0169ng nh\u01b0 nh\u1eefng b\u00e0i vi\u1ebft nghi\u00ean c\u1ee9u, chia s\u1ebb v\u1ec1 cu\u1ed9c s\u1ed1ng \u0111\u1eddi th\u01b0\u1eddng.\" \/>\n<meta property=\"og:url\" content=\"https:\/\/bsphamvinhphu.com\/en\/vetoi\/\" \/>\n<meta property=\"og:site_name\" content=\"Bs Ph\u1ea1m V\u0129nh Ph\u00fa\" \/>\n<meta property=\"article:modified_time\" content=\"2024-10-17T12:21:05+00:00\" \/>\n<meta property=\"og:image\" content=\"https:\/\/bsphamvinhphu.com\/wp-content\/uploads\/2024\/06\/z5541634482126_75e0cb68b28423afcf80b3ec547ca05f.jpg\" \/>\n\t<meta property=\"og:image:width\" content=\"960\" \/>\n\t<meta property=\"og:image:height\" content=\"1280\" \/>\n\t<meta property=\"og:image:type\" content=\"image\/jpeg\" \/>\n<meta name=\"twitter:card\" content=\"summary_large_image\" \/>\n<meta name=\"twitter:label1\" content=\"Estimated reading time\" \/>\n\t<meta name=\"twitter:data1\" content=\"1 minute\" \/>\n<script type=\"application\/ld+json\" class=\"yoast-schema-graph\">{\"@context\":\"https:\/\/schema.org\",\"@graph\":[{\"@type\":[\"Article\",\"BlogPosting\"],\"@id\":\"https:\/\/bsphamvinhphu.com\/vetoi\/#article\",\"isPartOf\":{\"@id\":\"https:\/\/bsphamvinhphu.com\/vetoi\/\"},\"author\":{\"name\":\"Ph\u1ea1m V\u0129nh Ph\u00fa\",\"@id\":\"https:\/\/bsphamvinhphu.com\/#\/schema\/person\/7a6425737c6dd1f11deb6dc5c887c147\"},\"headline\":\"V\u1ec1 t\u00f4i\",\"datePublished\":\"2024-06-02T05:31:30+00:00\",\"dateModified\":\"2024-10-17T12:21:05+00:00\",\"mainEntityOfPage\":{\"@id\":\"https:\/\/bsphamvinhphu.com\/vetoi\/\"},\"wordCount\":97,\"publisher\":{\"@id\":\"https:\/\/bsphamvinhphu.com\/#\/schema\/person\/7a6425737c6dd1f11deb6dc5c887c147\"},\"image\":{\"@id\":\"https:\/\/bsphamvinhphu.com\/vetoi\/#primaryimage\"},\"thumbnailUrl\":\"https:\/\/bsphamvinhphu.com\/wp-content\/uploads\/2024\/06\/z5541634482126_75e0cb68b28423afcf80b3ec547ca05f.jpg\",\"inLanguage\":\"en-GB\"},{\"@type\":[\"WebPage\",\"AboutPage\"],\"@id\":\"https:\/\/bsphamvinhphu.com\/vetoi\/\",\"url\":\"https:\/\/bsphamvinhphu.com\/vetoi\/\",\"name\":\"V\u1ec1 t\u00f4i - Bs V\u0129nh Ph\u00fa\",\"isPartOf\":{\"@id\":\"https:\/\/bsphamvinhphu.com\/#website\"},\"primaryImageOfPage\":{\"@id\":\"https:\/\/bsphamvinhphu.com\/vetoi\/#primaryimage\"},\"image\":{\"@id\":\"https:\/\/bsphamvinhphu.com\/vetoi\/#primaryimage\"},\"thumbnailUrl\":\"https:\/\/bsphamvinhphu.com\/wp-content\/uploads\/2024\/06\/z5541634482126_75e0cb68b28423afcf80b3ec547ca05f.jpg\",\"datePublished\":\"2024-06-02T05:31:30+00:00\",\"dateModified\":\"2024-10-17T12:21:05+00:00\",\"description\":\"Trang web m\u00e0 Bs V\u0129nh Ph\u00fa chia s\u1ebb th\u00f4ng tin v\u1ec1 nh\u1eefng b\u1ec7nh l\u00fd, c\u0169ng nh\u01b0 nh\u1eefng b\u00e0i vi\u1ebft nghi\u00ean c\u1ee9u, chia s\u1ebb v\u1ec1 cu\u1ed9c s\u1ed1ng \u0111\u1eddi th\u01b0\u1eddng.\",\"breadcrumb\":{\"@id\":\"https:\/\/bsphamvinhphu.com\/vetoi\/#breadcrumb\"},\"inLanguage\":\"en-GB\",\"potentialAction\":[{\"@type\":\"ReadAction\",\"target\":[\"https:\/\/bsphamvinhphu.com\/vetoi\/\"]}]},{\"@type\":\"ImageObject\",\"inLanguage\":\"en-GB\",\"@id\":\"https:\/\/bsphamvinhphu.com\/vetoi\/#primaryimage\",\"url\":\"https:\/\/bsphamvinhphu.com\/wp-content\/uploads\/2024\/06\/z5541634482126_75e0cb68b28423afcf80b3ec547ca05f.jpg\",\"contentUrl\":\"https:\/\/bsphamvinhphu.com\/wp-content\/uploads\/2024\/06\/z5541634482126_75e0cb68b28423afcf80b3ec547ca05f.jpg\",\"width\":960,\"height\":1280,\"caption\":\"Ph\u1ea1m V\u0129nh Ph\u00fa\"},{\"@type\":\"BreadcrumbList\",\"@id\":\"https:\/\/bsphamvinhphu.com\/vetoi\/#breadcrumb\",\"itemListElement\":[{\"@type\":\"ListItem\",\"position\":1,\"name\":\"Home\",\"item\":\"https:\/\/bsphamvinhphu.com\/\"},{\"@type\":\"ListItem\",\"position\":2,\"name\":\"V\u1ec1 t\u00f4i\"}]},{\"@type\":\"WebSite\",\"@id\":\"https:\/\/bsphamvinhphu.com\/#website\",\"url\":\"https:\/\/bsphamvinhphu.com\/\",\"name\":\"Bs Ph\u1ea1m V\u0129nh Ph\u00fa\",\"description\":\"Bs Ph\u1ea1m V\u0129nh Ph\u00fa\",\"publisher\":{\"@id\":\"https:\/\/bsphamvinhphu.com\/#\/schema\/person\/7a6425737c6dd1f11deb6dc5c887c147\"},\"potentialAction\":[{\"@type\":\"SearchAction\",\"target\":{\"@type\":\"EntryPoint\",\"urlTemplate\":\"https:\/\/bsphamvinhphu.com\/?s={search_term_string}\"},\"query-input\":{\"@type\":\"PropertyValueSpecification\",\"valueRequired\":true,\"valueName\":\"search_term_string\"}}],\"inLanguage\":\"en-GB\"},{\"@type\":[\"Person\",\"Organization\"],\"@id\":\"https:\/\/bsphamvinhphu.com\/#\/schema\/person\/7a6425737c6dd1f11deb6dc5c887c147\",\"name\":\"Ph\u1ea1m V\u0129nh Ph\u00fa\",\"image\":{\"@type\":\"ImageObject\",\"inLanguage\":\"en-GB\",\"@id\":\"https:\/\/bsphamvinhphu.com\/#\/schema\/person\/image\/\",\"url\":\"https:\/\/bsphamvinhphu.com\/wp-content\/uploads\/2024\/06\/IMG_20240618_194143.jpg\",\"contentUrl\":\"https:\/\/bsphamvinhphu.com\/wp-content\/uploads\/2024\/06\/IMG_20240618_194143.jpg\",\"width\":1280,\"height\":1280,\"caption\":\"Ph\u1ea1m V\u0129nh Ph\u00fa\"},\"logo\":{\"@id\":\"https:\/\/bsphamvinhphu.com\/#\/schema\/person\/image\/\"},\"sameAs\":[\"https:\/\/bsphamvinhphu.com\"],\"url\":\"https:\/\/bsphamvinhphu.com\/en\/author\/lightcoral-oryx-549373-hostingersite-com\/\"}]}<\/script>\n<!-- \/ Yoast SEO plugin. -->","yoast_head_json":{"title":"V\u1ec1 t\u00f4i - Bs V\u0129nh Ph\u00fa","description":"Trang web m\u00e0 Bs V\u0129nh Ph\u00fa chia s\u1ebb th\u00f4ng tin v\u1ec1 nh\u1eefng b\u1ec7nh l\u00fd, c\u0169ng nh\u01b0 nh\u1eefng b\u00e0i vi\u1ebft nghi\u00ean c\u1ee9u, chia s\u1ebb v\u1ec1 cu\u1ed9c s\u1ed1ng \u0111\u1eddi th\u01b0\u1eddng.","robots":{"index":"index","follow":"follow","max-snippet":"max-snippet:-1","max-image-preview":"max-image-preview:large","max-video-preview":"max-video-preview:-1"},"canonical":"https:\/\/bsphamvinhphu.com\/en\/vetoi\/","og_locale":"en_GB","og_type":"article","og_title":"V\u1ec1 t\u00f4i - Bs V\u0129nh Ph\u00fa","og_description":"Trang web m\u00e0 Bs V\u0129nh Ph\u00fa chia s\u1ebb th\u00f4ng tin v\u1ec1 nh\u1eefng b\u1ec7nh l\u00fd, c\u0169ng nh\u01b0 nh\u1eefng b\u00e0i vi\u1ebft nghi\u00ean c\u1ee9u, chia s\u1ebb v\u1ec1 cu\u1ed9c s\u1ed1ng \u0111\u1eddi th\u01b0\u1eddng.","og_url":"https:\/\/bsphamvinhphu.com\/en\/vetoi\/","og_site_name":"Bs Ph\u1ea1m V\u0129nh Ph\u00fa","article_modified_time":"2024-10-17T12:21:05+00:00","og_image":[{"width":960,"height":1280,"url":"https:\/\/bsphamvinhphu.com\/wp-content\/uploads\/2024\/06\/z5541634482126_75e0cb68b28423afcf80b3ec547ca05f.jpg","type":"image\/jpeg"}],"twitter_card":"summary_large_image","twitter_misc":{"Estimated reading time":"1 minute"},"schema":{"@context":"https:\/\/schema.org","@graph":[{"@type":["Article","BlogPosting"],"@id":"https:\/\/bsphamvinhphu.com\/vetoi\/#article","isPartOf":{"@id":"https:\/\/bsphamvinhphu.com\/vetoi\/"},"author":{"name":"Ph\u1ea1m V\u0129nh Ph\u00fa","@id":"https:\/\/bsphamvinhphu.com\/#\/schema\/person\/7a6425737c6dd1f11deb6dc5c887c147"},"headline":"V\u1ec1 t\u00f4i","datePublished":"2024-06-02T05:31:30+00:00","dateModified":"2024-10-17T12:21:05+00:00","mainEntityOfPage":{"@id":"https:\/\/bsphamvinhphu.com\/vetoi\/"},"wordCount":97,"publisher":{"@id":"https:\/\/bsphamvinhphu.com\/#\/schema\/person\/7a6425737c6dd1f11deb6dc5c887c147"},"image":{"@id":"https:\/\/bsphamvinhphu.com\/vetoi\/#primaryimage"},"thumbnailUrl":"https:\/\/bsphamvinhphu.com\/wp-content\/uploads\/2024\/06\/z5541634482126_75e0cb68b28423afcf80b3ec547ca05f.jpg","inLanguage":"en-GB"},{"@type":["WebPage","AboutPage"],"@id":"https:\/\/bsphamvinhphu.com\/vetoi\/","url":"https:\/\/bsphamvinhphu.com\/vetoi\/","name":"V\u1ec1 t\u00f4i - Bs V\u0129nh Ph\u00fa","isPartOf":{"@id":"https:\/\/bsphamvinhphu.com\/#website"},"primaryImageOfPage":{"@id":"https:\/\/bsphamvinhphu.com\/vetoi\/#primaryimage"},"image":{"@id":"https:\/\/bsphamvinhphu.com\/vetoi\/#primaryimage"},"thumbnailUrl":"https:\/\/bsphamvinhphu.com\/wp-content\/uploads\/2024\/06\/z5541634482126_75e0cb68b28423afcf80b3ec547ca05f.jpg","datePublished":"2024-06-02T05:31:30+00:00","dateModified":"2024-10-17T12:21:05+00:00","description":"Trang web m\u00e0 Bs V\u0129nh Ph\u00fa chia s\u1ebb th\u00f4ng tin v\u1ec1 nh\u1eefng b\u1ec7nh l\u00fd, c\u0169ng nh\u01b0 nh\u1eefng b\u00e0i vi\u1ebft nghi\u00ean c\u1ee9u, chia s\u1ebb v\u1ec1 cu\u1ed9c s\u1ed1ng \u0111\u1eddi th\u01b0\u1eddng.","breadcrumb":{"@id":"https:\/\/bsphamvinhphu.com\/vetoi\/#breadcrumb"},"inLanguage":"en-GB","potentialAction":[{"@type":"ReadAction","target":["https:\/\/bsphamvinhphu.com\/vetoi\/"]}]},{"@type":"ImageObject","inLanguage":"en-GB","@id":"https:\/\/bsphamvinhphu.com\/vetoi\/#primaryimage","url":"https:\/\/bsphamvinhphu.com\/wp-content\/uploads\/2024\/06\/z5541634482126_75e0cb68b28423afcf80b3ec547ca05f.jpg","contentUrl":"https:\/\/bsphamvinhphu.com\/wp-content\/uploads\/2024\/06\/z5541634482126_75e0cb68b28423afcf80b3ec547ca05f.jpg","width":960,"height":1280,"caption":"Ph\u1ea1m V\u0129nh Ph\u00fa"},{"@type":"BreadcrumbList","@id":"https:\/\/bsphamvinhphu.com\/vetoi\/#breadcrumb","itemListElement":[{"@type":"ListItem","position":1,"name":"Home","item":"https:\/\/bsphamvinhphu.com\/"},{"@type":"ListItem","position":2,"name":"V\u1ec1 t\u00f4i"}]},{"@type":"WebSite","@id":"https:\/\/bsphamvinhphu.com\/#website","url":"https:\/\/bsphamvinhphu.com\/","name":"Bs Ph\u1ea1m V\u0129nh Ph\u00fa","description":"Bs Ph\u1ea1m V\u0129nh Ph\u00fa","publisher":{"@id":"https:\/\/bsphamvinhphu.com\/#\/schema\/person\/7a6425737c6dd1f11deb6dc5c887c147"},"potentialAction":[{"@type":"SearchAction","target":{"@type":"EntryPoint","urlTemplate":"https:\/\/bsphamvinhphu.com\/?s={search_term_string}"},"query-input":{"@type":"PropertyValueSpecification","valueRequired":true,"valueName":"search_term_string"}}],"inLanguage":"en-GB"},{"@type":["Person","Organization"],"@id":"https:\/\/bsphamvinhphu.com\/#\/schema\/person\/7a6425737c6dd1f11deb6dc5c887c147","name":"Ph\u1ea1m V\u0129nh Ph\u00fa","image":{"@type":"ImageObject","inLanguage":"en-GB","@id":"https:\/\/bsphamvinhphu.com\/#\/schema\/person\/image\/","url":"https:\/\/bsphamvinhphu.com\/wp-content\/uploads\/2024\/06\/IMG_20240618_194143.jpg","contentUrl":"https:\/\/bsphamvinhphu.com\/wp-content\/uploads\/2024\/06\/IMG_20240618_194143.jpg","width":1280,"height":1280,"caption":"Ph\u1ea1m V\u0129nh Ph\u00fa"},"logo":{"@id":"https:\/\/bsphamvinhphu.com\/#\/schema\/person\/image\/"},"sameAs":["https:\/\/bsphamvinhphu.com"],"url":"https:\/\/bsphamvinhphu.com\/en\/author\/lightcoral-oryx-549373-hostingersite-com\/"}]}},"_links":{"self":[{"href":"https:\/\/bsphamvinhphu.com\/en\/wp-json\/wp\/v2\/pages\/69"}],"collection":[{"href":"https:\/\/bsphamvinhphu.com\/en\/wp-json\/wp\/v2\/pages"}],"about":[{"href":"https:\/\/bsphamvinhphu.com\/en\/wp-json\/wp\/v2\/types\/page"}],"author":[{"embeddable":true,"href":"https:\/\/bsphamvinhphu.com\/en\/wp-json\/wp\/v2\/users\/1"}],"replies":[{"embeddable":true,"href":"https:\/\/bsphamvinhphu.com\/en\/wp-json\/wp\/v2\/comments?post=69"}],"version-history":[{"count":0,"href":"https:\/\/bsphamvinhphu.com\/en\/wp-json\/wp\/v2\/pages\/69\/revisions"}],"wp:featuredmedia":[{"embeddable":true,"href":"https:\/\/bsphamvinhphu.com\/en\/wp-json\/wp\/v2\/media\/245"}],"wp:attachment":[{"href":"https:\/\/bsphamvinhphu.com\/en\/wp-json\/wp\/v2\/media?parent=69"}],"curies":[{"name":"wp","href":"https:\/\/api.w.org\/{rel}","templated":true}]}}