{"id":70,"date":"2024-06-02T05:31:30","date_gmt":"2024-06-02T05:31:30","guid":{"rendered":"https:\/\/bsphamvinhphu.com\/?page_id=70"},"modified":"2024-10-15T16:26:03","modified_gmt":"2024-10-15T16:26:03","slug":"nghiencuu","status":"publish","type":"page","link":"https:\/\/bsphamvinhphu.com\/en\/nghiencuu\/","title":{"rendered":"Research and life"},"content":{"rendered":"","protected":false},"excerpt":{"rendered":"","protected":false},"author":1,"featured_media":408,"parent":0,"menu_order":0,"comment_status":"closed","ping_status":"closed","template":"page-templates\/template-research.php","meta":{"footnotes":""},"class_list":["post-70","page","type-page","status-publish","has-post-thumbnail","hentry"],"yoast_head":"<!-- This site is optimized with the Yoast SEO plugin v23.7 - https:\/\/yoast.com\/wordpress\/plugins\/seo\/ -->\n<title>Nghi\u00ean c\u1ee9u v\u00e0 \u0111\u1eddi s\u1ed1ng - B\u00e1c s\u0129 Ph\u1ea1m V\u0129nh Ph\u00fa<\/title>\n<meta name=\"description\" content=\"Trang web m\u00e0 b\u00e1c s\u0129 Ph\u1ea1m V\u0129nh Ph\u00fa chia s\u1ebb th\u00f4ng tin v\u1ec1 nh\u1eefng b\u1ec7nh l\u00fd, c\u0169ng nh\u01b0 nh\u1eefng b\u00e0i vi\u1ebft nghi\u00ean c\u1ee9u, chia s\u1ebb v\u1ec1 cu\u1ed9c s\u1ed1ng \u0111\u1eddi th\u01b0\u1eddng.\" \/>\n<meta name=\"robots\" content=\"index, follow, max-snippet:-1, max-image-preview:large, max-video-preview:-1\" \/>\n<link rel=\"canonical\" href=\"https:\/\/bsphamvinhphu.com\/en\/nghiencuu\/\" \/>\n<meta property=\"og:locale\" content=\"en_GB\" \/>\n<meta property=\"og:type\" content=\"article\" \/>\n<meta property=\"og:title\" content=\"Nghi\u00ean c\u1ee9u v\u00e0 \u0111\u1eddi s\u1ed1ng - B\u00e1c s\u0129 Ph\u1ea1m V\u0129nh Ph\u00fa\" \/>\n<meta property=\"og:description\" content=\"Trang web m\u00e0 b\u00e1c s\u0129 Ph\u1ea1m V\u0129nh Ph\u00fa chia s\u1ebb th\u00f4ng tin v\u1ec1 nh\u1eefng b\u1ec7nh l\u00fd, c\u0169ng nh\u01b0 nh\u1eefng b\u00e0i vi\u1ebft nghi\u00ean c\u1ee9u, chia s\u1ebb v\u1ec1 cu\u1ed9c s\u1ed1ng \u0111\u1eddi th\u01b0\u1eddng.\" \/>\n<meta property=\"og:url\" content=\"https:\/\/bsphamvinhphu.com\/en\/nghiencuu\/\" \/>\n<meta property=\"og:site_name\" content=\"Bs Ph\u1ea1m V\u0129nh Ph\u00fa\" \/>\n<meta property=\"article:modified_time\" content=\"2024-10-15T16:26:03+00:00\" \/>\n<meta property=\"og:image\" content=\"https:\/\/bsphamvinhphu.com\/wp-content\/uploads\/2024\/07\/cover-1.jpg\" \/>\n\t<meta property=\"og:image:width\" content=\"1308\" \/>\n\t<meta property=\"og:image:height\" content=\"364\" \/>\n\t<meta property=\"og:image:type\" content=\"image\/jpeg\" \/>\n<meta name=\"twitter:card\" content=\"summary_large_image\" \/>\n<meta name=\"twitter:label1\" content=\"Estimated reading time\" \/>\n\t<meta name=\"twitter:data1\" content=\"1 minute\" \/>\n<script type=\"application\/ld+json\" class=\"yoast-schema-graph\">{\"@context\":\"https:\/\/schema.org\",\"@graph\":[{\"@type\":[\"Article\",\"BlogPosting\"],\"@id\":\"https:\/\/bsphamvinhphu.com\/nghiencuu\/#article\",\"isPartOf\":{\"@id\":\"https:\/\/bsphamvinhphu.com\/nghiencuu\/\"},\"author\":{\"name\":\"Ph\u1ea1m V\u0129nh Ph\u00fa\",\"@id\":\"https:\/\/bsphamvinhphu.com\/#\/schema\/person\/7a6425737c6dd1f11deb6dc5c887c147\"},\"headline\":\"Nghi\u00ean c\u1ee9u v\u00e0 \u0111\u1eddi s\u1ed1ng\",\"datePublished\":\"2024-06-02T05:31:30+00:00\",\"dateModified\":\"2024-10-15T16:26:03+00:00\",\"mainEntityOfPage\":{\"@id\":\"https:\/\/bsphamvinhphu.com\/nghiencuu\/\"},\"wordCount\":8,\"publisher\":{\"@id\":\"https:\/\/bsphamvinhphu.com\/#\/schema\/person\/7a6425737c6dd1f11deb6dc5c887c147\"},\"image\":{\"@id\":\"https:\/\/bsphamvinhphu.com\/nghiencuu\/#primaryimage\"},\"thumbnailUrl\":\"https:\/\/bsphamvinhphu.com\/wp-content\/uploads\/2024\/07\/cover-1.jpg\",\"inLanguage\":\"en-GB\"},{\"@type\":[\"WebPage\",\"MedicalWebPage\"],\"@id\":\"https:\/\/bsphamvinhphu.com\/nghiencuu\/\",\"url\":\"https:\/\/bsphamvinhphu.com\/nghiencuu\/\",\"name\":\"Nghi\u00ean c\u1ee9u v\u00e0 \u0111\u1eddi s\u1ed1ng - B\u00e1c s\u0129 Ph\u1ea1m V\u0129nh Ph\u00fa\",\"isPartOf\":{\"@id\":\"https:\/\/bsphamvinhphu.com\/#website\"},\"primaryImageOfPage\":{\"@id\":\"https:\/\/bsphamvinhphu.com\/nghiencuu\/#primaryimage\"},\"image\":{\"@id\":\"https:\/\/bsphamvinhphu.com\/nghiencuu\/#primaryimage\"},\"thumbnailUrl\":\"https:\/\/bsphamvinhphu.com\/wp-content\/uploads\/2024\/07\/cover-1.jpg\",\"datePublished\":\"2024-06-02T05:31:30+00:00\",\"dateModified\":\"2024-10-15T16:26:03+00:00\",\"description\":\"Trang web m\u00e0 b\u00e1c s\u0129 Ph\u1ea1m V\u0129nh Ph\u00fa chia s\u1ebb th\u00f4ng tin v\u1ec1 nh\u1eefng b\u1ec7nh l\u00fd, c\u0169ng nh\u01b0 nh\u1eefng b\u00e0i vi\u1ebft nghi\u00ean c\u1ee9u, chia s\u1ebb v\u1ec1 cu\u1ed9c s\u1ed1ng \u0111\u1eddi th\u01b0\u1eddng.\",\"breadcrumb\":{\"@id\":\"https:\/\/bsphamvinhphu.com\/nghiencuu\/#breadcrumb\"},\"inLanguage\":\"en-GB\",\"potentialAction\":[{\"@type\":\"ReadAction\",\"target\":[\"https:\/\/bsphamvinhphu.com\/nghiencuu\/\"]}]},{\"@type\":\"ImageObject\",\"inLanguage\":\"en-GB\",\"@id\":\"https:\/\/bsphamvinhphu.com\/nghiencuu\/#primaryimage\",\"url\":\"https:\/\/bsphamvinhphu.com\/wp-content\/uploads\/2024\/07\/cover-1.jpg\",\"contentUrl\":\"https:\/\/bsphamvinhphu.com\/wp-content\/uploads\/2024\/07\/cover-1.jpg\",\"width\":1308,\"height\":364},{\"@type\":\"BreadcrumbList\",\"@id\":\"https:\/\/bsphamvinhphu.com\/nghiencuu\/#breadcrumb\",\"itemListElement\":[{\"@type\":\"ListItem\",\"position\":1,\"name\":\"Home\",\"item\":\"https:\/\/bsphamvinhphu.com\/\"},{\"@type\":\"ListItem\",\"position\":2,\"name\":\"Nghi\u00ean c\u1ee9u v\u00e0 \u0111\u1eddi s\u1ed1ng\"}]},{\"@type\":\"WebSite\",\"@id\":\"https:\/\/bsphamvinhphu.com\/#website\",\"url\":\"https:\/\/bsphamvinhphu.com\/\",\"name\":\"Bs Ph\u1ea1m V\u0129nh Ph\u00fa\",\"description\":\"Bs Ph\u1ea1m V\u0129nh Ph\u00fa\",\"publisher\":{\"@id\":\"https:\/\/bsphamvinhphu.com\/#\/schema\/person\/7a6425737c6dd1f11deb6dc5c887c147\"},\"potentialAction\":[{\"@type\":\"SearchAction\",\"target\":{\"@type\":\"EntryPoint\",\"urlTemplate\":\"https:\/\/bsphamvinhphu.com\/?s={search_term_string}\"},\"query-input\":{\"@type\":\"PropertyValueSpecification\",\"valueRequired\":true,\"valueName\":\"search_term_string\"}}],\"inLanguage\":\"en-GB\"},{\"@type\":[\"Person\",\"Organization\"],\"@id\":\"https:\/\/bsphamvinhphu.com\/#\/schema\/person\/7a6425737c6dd1f11deb6dc5c887c147\",\"name\":\"Ph\u1ea1m V\u0129nh Ph\u00fa\",\"image\":{\"@type\":\"ImageObject\",\"inLanguage\":\"en-GB\",\"@id\":\"https:\/\/bsphamvinhphu.com\/#\/schema\/person\/image\/\",\"url\":\"https:\/\/bsphamvinhphu.com\/wp-content\/uploads\/2024\/06\/IMG_20240618_194143.jpg\",\"contentUrl\":\"https:\/\/bsphamvinhphu.com\/wp-content\/uploads\/2024\/06\/IMG_20240618_194143.jpg\",\"width\":1280,\"height\":1280,\"caption\":\"Ph\u1ea1m V\u0129nh Ph\u00fa\"},\"logo\":{\"@id\":\"https:\/\/bsphamvinhphu.com\/#\/schema\/person\/image\/\"},\"sameAs\":[\"https:\/\/bsphamvinhphu.com\"],\"url\":\"https:\/\/bsphamvinhphu.com\/en\/author\/lightcoral-oryx-549373-hostingersite-com\/\"}]}<\/script>\n<!-- \/ Yoast SEO plugin. -->","yoast_head_json":{"title":"Nghi\u00ean c\u1ee9u v\u00e0 \u0111\u1eddi s\u1ed1ng - B\u00e1c s\u0129 Ph\u1ea1m V\u0129nh Ph\u00fa","description":"Trang web m\u00e0 b\u00e1c s\u0129 Ph\u1ea1m V\u0129nh Ph\u00fa chia s\u1ebb th\u00f4ng tin v\u1ec1 nh\u1eefng b\u1ec7nh l\u00fd, c\u0169ng nh\u01b0 nh\u1eefng b\u00e0i vi\u1ebft nghi\u00ean c\u1ee9u, chia s\u1ebb v\u1ec1 cu\u1ed9c s\u1ed1ng \u0111\u1eddi th\u01b0\u1eddng.","robots":{"index":"index","follow":"follow","max-snippet":"max-snippet:-1","max-image-preview":"max-image-preview:large","max-video-preview":"max-video-preview:-1"},"canonical":"https:\/\/bsphamvinhphu.com\/en\/nghiencuu\/","og_locale":"en_GB","og_type":"article","og_title":"Nghi\u00ean c\u1ee9u v\u00e0 \u0111\u1eddi s\u1ed1ng - B\u00e1c s\u0129 Ph\u1ea1m V\u0129nh Ph\u00fa","og_description":"Trang web m\u00e0 b\u00e1c s\u0129 Ph\u1ea1m V\u0129nh Ph\u00fa chia s\u1ebb th\u00f4ng tin v\u1ec1 nh\u1eefng b\u1ec7nh l\u00fd, c\u0169ng nh\u01b0 nh\u1eefng b\u00e0i vi\u1ebft nghi\u00ean c\u1ee9u, chia s\u1ebb v\u1ec1 cu\u1ed9c s\u1ed1ng \u0111\u1eddi th\u01b0\u1eddng.","og_url":"https:\/\/bsphamvinhphu.com\/en\/nghiencuu\/","og_site_name":"Bs Ph\u1ea1m V\u0129nh Ph\u00fa","article_modified_time":"2024-10-15T16:26:03+00:00","og_image":[{"width":1308,"height":364,"url":"https:\/\/bsphamvinhphu.com\/wp-content\/uploads\/2024\/07\/cover-1.jpg","type":"image\/jpeg"}],"twitter_card":"summary_large_image","twitter_misc":{"Estimated reading time":"1 minute"},"schema":{"@context":"https:\/\/schema.org","@graph":[{"@type":["Article","BlogPosting"],"@id":"https:\/\/bsphamvinhphu.com\/nghiencuu\/#article","isPartOf":{"@id":"https:\/\/bsphamvinhphu.com\/nghiencuu\/"},"author":{"name":"Ph\u1ea1m V\u0129nh Ph\u00fa","@id":"https:\/\/bsphamvinhphu.com\/#\/schema\/person\/7a6425737c6dd1f11deb6dc5c887c147"},"headline":"Nghi\u00ean c\u1ee9u v\u00e0 \u0111\u1eddi s\u1ed1ng","datePublished":"2024-06-02T05:31:30+00:00","dateModified":"2024-10-15T16:26:03+00:00","mainEntityOfPage":{"@id":"https:\/\/bsphamvinhphu.com\/nghiencuu\/"},"wordCount":8,"publisher":{"@id":"https:\/\/bsphamvinhphu.com\/#\/schema\/person\/7a6425737c6dd1f11deb6dc5c887c147"},"image":{"@id":"https:\/\/bsphamvinhphu.com\/nghiencuu\/#primaryimage"},"thumbnailUrl":"https:\/\/bsphamvinhphu.com\/wp-content\/uploads\/2024\/07\/cover-1.jpg","inLanguage":"en-GB"},{"@type":["WebPage","MedicalWebPage"],"@id":"https:\/\/bsphamvinhphu.com\/nghiencuu\/","url":"https:\/\/bsphamvinhphu.com\/nghiencuu\/","name":"Nghi\u00ean c\u1ee9u v\u00e0 \u0111\u1eddi s\u1ed1ng - B\u00e1c s\u0129 Ph\u1ea1m V\u0129nh Ph\u00fa","isPartOf":{"@id":"https:\/\/bsphamvinhphu.com\/#website"},"primaryImageOfPage":{"@id":"https:\/\/bsphamvinhphu.com\/nghiencuu\/#primaryimage"},"image":{"@id":"https:\/\/bsphamvinhphu.com\/nghiencuu\/#primaryimage"},"thumbnailUrl":"https:\/\/bsphamvinhphu.com\/wp-content\/uploads\/2024\/07\/cover-1.jpg","datePublished":"2024-06-02T05:31:30+00:00","dateModified":"2024-10-15T16:26:03+00:00","description":"Trang web m\u00e0 b\u00e1c s\u0129 Ph\u1ea1m V\u0129nh Ph\u00fa chia s\u1ebb th\u00f4ng tin v\u1ec1 nh\u1eefng b\u1ec7nh l\u00fd, c\u0169ng nh\u01b0 nh\u1eefng b\u00e0i vi\u1ebft nghi\u00ean c\u1ee9u, chia s\u1ebb v\u1ec1 cu\u1ed9c s\u1ed1ng \u0111\u1eddi th\u01b0\u1eddng.","breadcrumb":{"@id":"https:\/\/bsphamvinhphu.com\/nghiencuu\/#breadcrumb"},"inLanguage":"en-GB","potentialAction":[{"@type":"ReadAction","target":["https:\/\/bsphamvinhphu.com\/nghiencuu\/"]}]},{"@type":"ImageObject","inLanguage":"en-GB","@id":"https:\/\/bsphamvinhphu.com\/nghiencuu\/#primaryimage","url":"https:\/\/bsphamvinhphu.com\/wp-content\/uploads\/2024\/07\/cover-1.jpg","contentUrl":"https:\/\/bsphamvinhphu.com\/wp-content\/uploads\/2024\/07\/cover-1.jpg","width":1308,"height":364},{"@type":"BreadcrumbList","@id":"https:\/\/bsphamvinhphu.com\/nghiencuu\/#breadcrumb","itemListElement":[{"@type":"ListItem","position":1,"name":"Home","item":"https:\/\/bsphamvinhphu.com\/"},{"@type":"ListItem","position":2,"name":"Nghi\u00ean c\u1ee9u v\u00e0 \u0111\u1eddi s\u1ed1ng"}]},{"@type":"WebSite","@id":"https:\/\/bsphamvinhphu.com\/#website","url":"https:\/\/bsphamvinhphu.com\/","name":"Bs Ph\u1ea1m V\u0129nh Ph\u00fa","description":"Bs Ph\u1ea1m V\u0129nh Ph\u00fa","publisher":{"@id":"https:\/\/bsphamvinhphu.com\/#\/schema\/person\/7a6425737c6dd1f11deb6dc5c887c147"},"potentialAction":[{"@type":"SearchAction","target":{"@type":"EntryPoint","urlTemplate":"https:\/\/bsphamvinhphu.com\/?s={search_term_string}"},"query-input":{"@type":"PropertyValueSpecification","valueRequired":true,"valueName":"search_term_string"}}],"inLanguage":"en-GB"},{"@type":["Person","Organization"],"@id":"https:\/\/bsphamvinhphu.com\/#\/schema\/person\/7a6425737c6dd1f11deb6dc5c887c147","name":"Ph\u1ea1m V\u0129nh Ph\u00fa","image":{"@type":"ImageObject","inLanguage":"en-GB","@id":"https:\/\/bsphamvinhphu.com\/#\/schema\/person\/image\/","url":"https:\/\/bsphamvinhphu.com\/wp-content\/uploads\/2024\/06\/IMG_20240618_194143.jpg","contentUrl":"https:\/\/bsphamvinhphu.com\/wp-content\/uploads\/2024\/06\/IMG_20240618_194143.jpg","width":1280,"height":1280,"caption":"Ph\u1ea1m V\u0129nh Ph\u00fa"},"logo":{"@id":"https:\/\/bsphamvinhphu.com\/#\/schema\/person\/image\/"},"sameAs":["https:\/\/bsphamvinhphu.com"],"url":"https:\/\/bsphamvinhphu.com\/en\/author\/lightcoral-oryx-549373-hostingersite-com\/"}]}},"_links":{"self":[{"href":"https:\/\/bsphamvinhphu.com\/en\/wp-json\/wp\/v2\/pages\/70"}],"collection":[{"href":"https:\/\/bsphamvinhphu.com\/en\/wp-json\/wp\/v2\/pages"}],"about":[{"href":"https:\/\/bsphamvinhphu.com\/en\/wp-json\/wp\/v2\/types\/page"}],"author":[{"embeddable":true,"href":"https:\/\/bsphamvinhphu.com\/en\/wp-json\/wp\/v2\/users\/1"}],"replies":[{"embeddable":true,"href":"https:\/\/bsphamvinhphu.com\/en\/wp-json\/wp\/v2\/comments?post=70"}],"version-history":[{"count":0,"href":"https:\/\/bsphamvinhphu.com\/en\/wp-json\/wp\/v2\/pages\/70\/revisions"}],"wp:featuredmedia":[{"embeddable":true,"href":"https:\/\/bsphamvinhphu.com\/en\/wp-json\/wp\/v2\/media\/408"}],"wp:attachment":[{"href":"https:\/\/bsphamvinhphu.com\/en\/wp-json\/wp\/v2\/media?parent=70"}],"curies":[{"name":"wp","href":"https:\/\/api.w.org\/{rel}","templated":true}]}}